{"id":1511,"date":"2020-12-01T12:23:15","date_gmt":"2020-12-01T11:23:15","guid":{"rendered":"https:\/\/www.hypra.fr\/?page_id=1511"},"modified":"2025-06-03T17:09:43","modified_gmt":"2025-06-03T15:09:43","slug":"accessibilite","status":"publish","type":"page","link":"https:\/\/www.hypra.fr\/en\/accessibilite\/","title":{"rendered":"Accessibilit\u00e9 num\u00e9rique"},"content":{"rendered":"<div data-elementor-type=\"wp-page\" data-elementor-id=\"1511\" class=\"elementor elementor-1511\" data-elementor-post-type=\"page\">\n\t\t\t\t\t\t<section class=\"elementor-section elementor-top-section elementor-element elementor-element-28dda8d elementor-section-boxed elementor-section-height-default elementor-section-height-default wpr-particle-no wpr-jarallax-no wpr-parallax-no wpr-sticky-section-no\" data-id=\"28dda8d\" data-element_type=\"section\">\n\t\t\t\t\t\t<div class=\"elementor-container elementor-column-gap-default\">\n\t\t\t\t\t<div class=\"elementor-column elementor-col-100 elementor-top-column elementor-element elementor-element-9510623\" data-id=\"9510623\" data-element_type=\"column\">\n\t\t\t<div class=\"elementor-widget-wrap elementor-element-populated\">\n\t\t\t\t\t\t<div class=\"elementor-element elementor-element-5870a3c elementor-widget elementor-widget-text-editor\" data-id=\"5870a3c\" data-element_type=\"widget\" data-widget_type=\"text-editor.default\">\n\t\t\t\t<div class=\"elementor-widget-container\">\n\t\t\t\t\t\t\t\t\t<p>En application de la loi n\u00b02005-102 du 11 f\u00e9vrier 2005 (article 47), Hypra s\u2019engage \u00e0 rendre ses sites web et applications accessibles, notamment au regard des normes d\u2019accessibilit\u00e9 RGAA v4.<\/p>\n<p>Cette d\u00e9claration a \u00e9t\u00e9 \u00e9tablie en d\u00e9cembre 2020 par l\u2019\u00e9quipe d\u2019Hypra ;<br>sa derni\u00e8re r\u00e9vision date du <strong>21 avril 2021<\/strong>.<\/p>\t\t\t\t\t\t\t\t<\/div>\n\t\t\t\t<\/div>\n\t\t\t\t\t<\/div>\n\t\t<\/div>\n\t\t\t\t\t<\/div>\n\t\t<\/section>\n\t\t\t\t<section class=\"elementor-section elementor-top-section elementor-element elementor-element-436b317 elementor-section-boxed elementor-section-height-default elementor-section-height-default wpr-particle-no wpr-jarallax-no wpr-parallax-no wpr-sticky-section-no\" data-id=\"436b317\" data-element_type=\"section\">\n\t\t\t\t\t\t<div class=\"elementor-container elementor-column-gap-default\">\n\t\t\t\t\t<div class=\"elementor-column elementor-col-100 elementor-top-column elementor-element elementor-element-468e75f\" data-id=\"468e75f\" data-element_type=\"column\">\n\t\t\t<div class=\"elementor-widget-wrap elementor-element-populated\">\n\t\t\t\t\t\t<div class=\"elementor-element elementor-element-2dbe705 elementor-widget elementor-widget-heading\" data-id=\"2dbe705\" data-element_type=\"widget\" data-widget_type=\"heading.default\">\n\t\t\t\t<div class=\"elementor-widget-container\">\n\t\t\t\t\t<h2 class=\"elementor-heading-title elementor-size-default\">Tests d\u2019accessibilit\u00e9<\/h2>\t\t\t\t<\/div>\n\t\t\t\t<\/div>\n\t\t\t\t\t<\/div>\n\t\t<\/div>\n\t\t\t\t\t<\/div>\n\t\t<\/section>\n\t\t\t\t<section class=\"elementor-section elementor-top-section elementor-element elementor-element-a20bf3b elementor-section-boxed elementor-section-height-default elementor-section-height-default wpr-particle-no wpr-jarallax-no wpr-parallax-no wpr-sticky-section-no\" data-id=\"a20bf3b\" data-element_type=\"section\">\n\t\t\t\t\t\t<div class=\"elementor-container elementor-column-gap-default\">\n\t\t\t\t\t<div class=\"elementor-column elementor-col-50 elementor-top-column elementor-element elementor-element-58cd4d9\" data-id=\"58cd4d9\" data-element_type=\"column\">\n\t\t\t<div class=\"elementor-widget-wrap elementor-element-populated\">\n\t\t\t\t\t\t<div class=\"elementor-element elementor-element-21a5f1e elementor-widget elementor-widget-text-editor\" data-id=\"21a5f1e\" data-element_type=\"widget\" data-widget_type=\"text-editor.default\">\n\t\t\t\t<div class=\"elementor-widget-container\">\n\t\t\t\t\t\t\t\t\t<p>Ce site est conforme aux standards d\u2019accessibilit\u00e9 pour le Web (<a href=\"https:\/\/www.w3.org\/TR\/WCAG22\/\" target=\"_blank\" rel=\"noopener\">WCAG\u00a02.2-AA<\/a>, <a href=\"http:\/\/www.accessiweb.org\/\" target=\"_blank\" rel=\"noopener\">AccessiWeb<\/a> et <a href=\"https:\/\/numerique.gouv.fr\/publications\/rgaa-accessibilite\/\" target=\"_blank\" rel=\"noopener\">RGAA<\/a>). Il a \u00e9t\u00e9 v\u00e9rifi\u00e9 avec les outils <a href=\"https:\/\/www.macmout.com\/moutvalid\/\" target=\"_blank\" rel=\"nofollow noopener\">MoutValid<\/a>, <a href=\"https:\/\/www.webaccessibility.com\/\" target=\"_blank\" rel=\"nofollow noopener\">WebAccessibility<\/a> et <a href=\"https:\/\/wave.webaim.org\/\" target=\"_blank\" rel=\"nofollow noopener\">WAVE<\/a>.<\/p><p>Les technologies suivantes sont utilis\u00e9es sur ce site\u00a0: HTML5, CSS3, SVG, PHP, JavaScript, CMS WordPress.<\/p>\t\t\t\t\t\t\t\t<\/div>\n\t\t\t\t<\/div>\n\t\t\t\t\t<\/div>\n\t\t<\/div>\n\t\t\t\t<div class=\"elementor-column elementor-col-50 elementor-top-column elementor-element elementor-element-c81a19d\" data-id=\"c81a19d\" data-element_type=\"column\">\n\t\t\t<div class=\"elementor-widget-wrap elementor-element-populated\">\n\t\t\t\t\t\t<div class=\"elementor-element elementor-element-351f252 elementor-widget elementor-widget-image\" data-id=\"351f252\" data-element_type=\"widget\" data-widget_type=\"image.default\">\n\t\t\t\t<div class=\"elementor-widget-container\">\n\t\t\t\t\t\t\t\t\t\t\t\t\t\t\t<img fetchpriority=\"high\" decoding=\"async\" width=\"800\" height=\"459\" src=\"https:\/\/www.hypra.fr\/wp-content\/uploads\/2020\/12\/a11y_test-1.png\" class=\"attachment-large size-large wp-image-1890\" alt=\"Test d\u2019accessibilit\u00e9\" srcset=\"https:\/\/www.hypra.fr\/wp-content\/uploads\/2020\/12\/a11y_test-1.png 999w, https:\/\/www.hypra.fr\/wp-content\/uploads\/2020\/12\/a11y_test-1-300x172.png 300w, https:\/\/www.hypra.fr\/wp-content\/uploads\/2020\/12\/a11y_test-1-768x441.png 768w\" sizes=\"(max-width: 800px) 100vw, 800px\" \/>\t\t\t\t\t\t\t\t\t\t\t\t\t\t\t<\/div>\n\t\t\t\t<\/div>\n\t\t\t\t\t<\/div>\n\t\t<\/div>\n\t\t\t\t\t<\/div>\n\t\t<\/section>\n\t\t\t\t<section class=\"elementor-section elementor-top-section elementor-element elementor-element-3f37dc4 elementor-section-boxed elementor-section-height-default elementor-section-height-default wpr-particle-no wpr-jarallax-no wpr-parallax-no wpr-sticky-section-no\" data-id=\"3f37dc4\" data-element_type=\"section\">\n\t\t\t\t\t\t<div class=\"elementor-container elementor-column-gap-default\">\n\t\t\t\t\t<div class=\"elementor-column elementor-col-100 elementor-top-column elementor-element elementor-element-c4b2072\" data-id=\"c4b2072\" data-element_type=\"column\">\n\t\t\t<div class=\"elementor-widget-wrap elementor-element-populated\">\n\t\t\t\t\t\t<div class=\"elementor-element elementor-element-4ed01d6 elementor-widget elementor-widget-heading\" data-id=\"4ed01d6\" data-element_type=\"widget\" data-widget_type=\"heading.default\">\n\t\t\t\t<div class=\"elementor-widget-container\">\n\t\t\t\t\t<h2 class=\"elementor-heading-title elementor-size-default\">Contenus non accessibles<\/h2>\t\t\t\t<\/div>\n\t\t\t\t<\/div>\n\t\t\t\t\t<\/div>\n\t\t<\/div>\n\t\t\t\t\t<\/div>\n\t\t<\/section>\n\t\t\t\t<section class=\"elementor-section elementor-top-section elementor-element elementor-element-09cd22c elementor-section-boxed elementor-section-height-default elementor-section-height-default wpr-particle-no wpr-jarallax-no wpr-parallax-no wpr-sticky-section-no\" data-id=\"09cd22c\" data-element_type=\"section\">\n\t\t\t\t\t\t<div class=\"elementor-container elementor-column-gap-default\">\n\t\t\t\t\t<div class=\"elementor-column elementor-col-100 elementor-top-column elementor-element elementor-element-8331715\" data-id=\"8331715\" data-element_type=\"column\">\n\t\t\t<div class=\"elementor-widget-wrap elementor-element-populated\">\n\t\t\t\t\t\t<div class=\"elementor-element elementor-element-2bc8e34 elementor-widget elementor-widget-text-editor\" data-id=\"2bc8e34\" data-element_type=\"widget\" data-widget_type=\"text-editor.default\">\n\t\t\t\t<div class=\"elementor-widget-container\">\n\t\t\t\t\t\t\t\t\t<p>Dans un souci de transparence, nous vous informons que certains \u00e9l\u00e9ments peuvent \u00eatre d\u2019une accessibilit\u00e9 restreinte :<\/p><ul><li>liste des ateliers sur la page <a href=\"https:\/\/www.hypra.fr\/en\/ateliers-inclusion-numerique\/\">Inclusion num\u00e9rique<\/a>.<\/li><\/ul>\t\t\t\t\t\t\t\t<\/div>\n\t\t\t\t<\/div>\n\t\t\t\t\t<\/div>\n\t\t<\/div>\n\t\t\t\t\t<\/div>\n\t\t<\/section>\n\t\t\t\t<section class=\"elementor-section elementor-top-section elementor-element elementor-element-9cd9887 elementor-section-boxed elementor-section-height-default elementor-section-height-default wpr-particle-no wpr-jarallax-no wpr-parallax-no wpr-sticky-section-no\" data-id=\"9cd9887\" data-element_type=\"section\">\n\t\t\t\t\t\t<div class=\"elementor-container elementor-column-gap-default\">\n\t\t\t\t\t<div class=\"elementor-column elementor-col-100 elementor-top-column elementor-element elementor-element-9d0162a\" data-id=\"9d0162a\" data-element_type=\"column\">\n\t\t\t<div class=\"elementor-widget-wrap elementor-element-populated\">\n\t\t\t\t\t\t<div class=\"elementor-element elementor-element-d72a65a elementor-widget elementor-widget-heading\" data-id=\"d72a65a\" data-element_type=\"widget\" data-widget_type=\"heading.default\">\n\t\t\t\t<div class=\"elementor-widget-container\">\n\t\t\t\t\t<h2 class=\"elementor-heading-title elementor-size-default\">Contact et signalements<\/h2>\t\t\t\t<\/div>\n\t\t\t\t<\/div>\n\t\t\t\t\t<\/div>\n\t\t<\/div>\n\t\t\t\t\t<\/div>\n\t\t<\/section>\n\t\t\t\t<section class=\"elementor-section elementor-top-section elementor-element elementor-element-2c313db elementor-section-boxed elementor-section-height-default elementor-section-height-default wpr-particle-no wpr-jarallax-no wpr-parallax-no wpr-sticky-section-no\" data-id=\"2c313db\" data-element_type=\"section\">\n\t\t\t\t\t\t<div class=\"elementor-container elementor-column-gap-default\">\n\t\t\t\t\t<div class=\"elementor-column elementor-col-100 elementor-top-column elementor-element elementor-element-17bf7a3\" data-id=\"17bf7a3\" data-element_type=\"column\">\n\t\t\t<div class=\"elementor-widget-wrap elementor-element-populated\">\n\t\t\t\t\t\t<div class=\"elementor-element elementor-element-cee607e elementor-widget elementor-widget-text-editor\" data-id=\"cee607e\" data-element_type=\"widget\" data-widget_type=\"text-editor.default\">\n\t\t\t\t<div class=\"elementor-widget-container\">\n\t\t\t\t\t\t\t\t\t<p>Si vous n\u2019arrivez pas \u00e0 acc\u00e9der \u00e0 un contenu ou \u00e0 un service, <a href=\"https:\/\/www.hypra.fr\/en\/contactez-nous\/\">contactez-nous<\/a> afin que nous puissions vous orienter vers une alternative accessible, ou vous faire parvenir ledit contenu sous une autre forme.<\/p>\t\t\t\t\t\t\t\t<\/div>\n\t\t\t\t<\/div>\n\t\t\t\t\t<\/div>\n\t\t<\/div>\n\t\t\t\t\t<\/div>\n\t\t<\/section>\n\t\t\t\t<section class=\"elementor-section elementor-top-section elementor-element elementor-element-93b90b2 elementor-section-boxed elementor-section-height-default elementor-section-height-default wpr-particle-no wpr-jarallax-no wpr-parallax-no wpr-sticky-section-no\" data-id=\"93b90b2\" data-element_type=\"section\">\n\t\t\t\t\t\t<div class=\"elementor-container elementor-column-gap-default\">\n\t\t\t\t\t<div class=\"elementor-column elementor-col-100 elementor-top-column elementor-element elementor-element-3df32f0\" data-id=\"3df32f0\" data-element_type=\"column\">\n\t\t\t<div class=\"elementor-widget-wrap elementor-element-populated\">\n\t\t\t\t\t\t<div class=\"elementor-element elementor-element-58d5b7e elementor-widget elementor-widget-heading\" data-id=\"58d5b7e\" data-element_type=\"widget\" data-widget_type=\"heading.default\">\n\t\t\t\t<div class=\"elementor-widget-container\">\n\t\t\t\t\t<h2 class=\"elementor-heading-title elementor-size-default\">Voies de recours<\/h2>\t\t\t\t<\/div>\n\t\t\t\t<\/div>\n\t\t\t\t\t<\/div>\n\t\t<\/div>\n\t\t\t\t\t<\/div>\n\t\t<\/section>\n\t\t\t\t<section class=\"elementor-section elementor-top-section elementor-element elementor-element-587dbe0 elementor-section-boxed elementor-section-height-default elementor-section-height-default wpr-particle-no wpr-jarallax-no wpr-parallax-no wpr-sticky-section-no\" data-id=\"587dbe0\" data-element_type=\"section\">\n\t\t\t\t\t\t<div class=\"elementor-container elementor-column-gap-default\">\n\t\t\t\t\t<div class=\"elementor-column elementor-col-100 elementor-top-column elementor-element elementor-element-504ae01\" data-id=\"504ae01\" data-element_type=\"column\">\n\t\t\t<div class=\"elementor-widget-wrap elementor-element-populated\">\n\t\t\t\t\t\t<div class=\"elementor-element elementor-element-0876160 elementor-widget elementor-widget-text-editor\" data-id=\"0876160\" data-element_type=\"widget\" data-widget_type=\"text-editor.default\">\n\t\t\t\t<div class=\"elementor-widget-container\">\n\t\t\t\t\t\t\t\t\t<p class=\"text-left\">Cette proc\u00e9dure est \u00e0 utiliser si vous avez signal\u00e9 aux responsables de notre site un d\u00e9faut d\u2019accessibilit\u00e9 qui vous emp\u00eache d\u2019acc\u00e9der \u00e0 une partie, mais n\u2019avez pas obtenu de r\u00e9ponse satisfaisante.<\/p>\n<ul>\n<li>\u00c9crire un message au <a href=\"https:\/\/formulaire.defenseurdesdroits.fr\/\" target=\"_blank\" rel=\"noopener noreferrer\">D\u00e9fenseur des droits<\/a><\/li>\n<li>Contacter le <a href=\"https:\/\/www.defenseurdesdroits.fr\/saisir\/delegues\" target=\"_blank\" rel=\"noopener noreferrer\">d\u00e9l\u00e9gu\u00e9 du D\u00e9fenseur des droits<\/a> dans votre r\u00e9gion&nbsp;;<\/li>\n<li>Envoyer un courrier par la poste (gratuit, ne pas mettre de timbre) :<\/li>\n<\/ul>\n<pre>D\u00e9fenseur des droits<br>Libre r\u00e9ponse 71120<br>75342 Paris CEDEX 07<\/pre>\t\t\t\t\t\t\t\t<\/div>\n\t\t\t\t<\/div>\n\t\t\t\t\t<\/div>\n\t\t<\/div>\n\t\t\t\t\t<\/div>\n\t\t<\/section>\n\t\t\t\t<\/div>","protected":false},"excerpt":{"rendered":"<p>En application de la loi n\u00b02005-102 du 11 f\u00e9vrier 2005 (article 47), Hypra s\u2019engage \u00e0 rendre ses sites web et applications accessibles, notamment au regard des normes d\u2019accessibilit\u00e9 RGAA v4. Cette d\u00e9claration a \u00e9t\u00e9 \u00e9tablie en d\u00e9cembre 2020 par l\u2019\u00e9quipe d\u2019Hypra ;sa derni\u00e8re r\u00e9vision date du 21 avril 2021. Tests d\u2019accessibilit\u00e9 Ce site est conforme aux standards d\u2019accessibilit\u00e9 pour le Web (WCAG\u00a02.2-AA, AccessiWeb et RGAA). Il a \u00e9t\u00e9 v\u00e9rifi\u00e9 avec les outils MoutValid, WebAccessibility et WAVE. Les technologies suivantes sont utilis\u00e9es sur ce site\u00a0: HTML5, CSS3, SVG, PHP, JavaScript, CMS WordPress. Contenus non accessibles Dans un souci de transparence, nous vous informons que certains \u00e9l\u00e9ments peuvent \u00eatre d\u2019une accessibilit\u00e9 restreinte : liste des ateliers sur la page Inclusion num\u00e9rique. Contact et signalements Si vous n\u2019arrivez pas \u00e0 acc\u00e9der \u00e0 un contenu ou \u00e0 un service, contactez-nous afin que nous puissions vous orienter vers une alternative accessible, ou vous faire parvenir ledit contenu sous une autre forme. Voies de recours Cette proc\u00e9dure est \u00e0 utiliser si vous avez signal\u00e9 aux responsables de notre site un d\u00e9faut d\u2019accessibilit\u00e9 qui vous emp\u00eache d\u2019acc\u00e9der \u00e0 une partie, mais n\u2019avez pas obtenu de r\u00e9ponse satisfaisante. \u00c9crire un message au D\u00e9fenseur des droits Contacter le d\u00e9l\u00e9gu\u00e9 du D\u00e9fenseur des droits dans votre r\u00e9gion&nbsp;; Envoyer un courrier par la poste (gratuit, ne pas mettre de timbre) : D\u00e9fenseur des droitsLibre r\u00e9ponse 7112075342 Paris CEDEX 07<\/p>","protected":false},"author":1,"featured_media":1890,"parent":0,"menu_order":0,"comment_status":"closed","ping_status":"closed","template":"","meta":{"footnotes":""},"class_list":["post-1511","page","type-page","status-publish","has-post-thumbnail","hentry"],"yoast_head":"<!-- This site is optimized with the Yoast SEO plugin v24.7 - https:\/\/yoast.com\/wordpress\/plugins\/seo\/ -->\n<title>Accessibilit\u00e9 num\u00e9rique - Hypra<\/title>\n<meta name=\"description\" content=\"Retrouvez la d\u00e9claration d&#039;accessibilit\u00e9 d&#039;Hypra. Cette d\u00e9claration a \u00e9t\u00e9 \u00e9tablie par l\u2019\u00e9quipe d\u2019Hypra, sa derni\u00e8re r\u00e9vision date du 21 avril 2021.\" \/>\n<meta name=\"robots\" content=\"index, follow, max-snippet:-1, max-image-preview:large, max-video-preview:-1\" \/>\n<link rel=\"canonical\" href=\"https:\/\/www.hypra.fr\/en\/accessibilite\/\" \/>\n<meta property=\"og:locale\" content=\"en_US\" \/>\n<meta property=\"og:type\" content=\"article\" \/>\n<meta property=\"og:title\" content=\"Accessibilit\u00e9 num\u00e9rique - Hypra\" \/>\n<meta property=\"og:description\" content=\"Retrouvez la d\u00e9claration d&#039;accessibilit\u00e9 d&#039;Hypra. Cette d\u00e9claration a \u00e9t\u00e9 \u00e9tablie par l\u2019\u00e9quipe d\u2019Hypra, sa derni\u00e8re r\u00e9vision date du 21 avril 2021.\" \/>\n<meta property=\"og:url\" content=\"https:\/\/www.hypra.fr\/en\/accessibilite\/\" \/>\n<meta property=\"og:site_name\" content=\"Hypra\" \/>\n<meta property=\"article:publisher\" content=\"https:\/\/fr-fr.facebook.com\/hyprasoftware\/\" \/>\n<meta property=\"article:modified_time\" content=\"2025-06-03T15:09:43+00:00\" \/>\n<meta property=\"og:image\" content=\"https:\/\/www.hypra.fr\/wp-content\/uploads\/2020\/12\/a11y_test-1.png\" \/>\n\t<meta property=\"og:image:width\" content=\"999\" \/>\n\t<meta property=\"og:image:height\" content=\"573\" \/>\n\t<meta property=\"og:image:type\" content=\"image\/png\" \/>\n<meta name=\"twitter:card\" content=\"summary_large_image\" \/>\n<meta name=\"twitter:site\" content=\"@Hypra_\" \/>\n<meta name=\"twitter:label1\" content=\"Est. reading time\" \/>\n\t<meta name=\"twitter:data1\" content=\"2 minutes\" \/>\n<script type=\"application\/ld+json\" class=\"yoast-schema-graph\">{\"@context\":\"https:\/\/schema.org\",\"@graph\":[{\"@type\":\"WebPage\",\"@id\":\"https:\/\/www.hypra.fr\/accessibilite\/\",\"url\":\"https:\/\/www.hypra.fr\/accessibilite\/\",\"name\":\"Accessibilit\u00e9 num\u00e9rique - Hypra\",\"isPartOf\":{\"@id\":\"https:\/\/www.hypra.fr\/#website\"},\"primaryImageOfPage\":{\"@id\":\"https:\/\/www.hypra.fr\/accessibilite\/#primaryimage\"},\"image\":{\"@id\":\"https:\/\/www.hypra.fr\/accessibilite\/#primaryimage\"},\"thumbnailUrl\":\"https:\/\/www.hypra.fr\/wp-content\/uploads\/2020\/12\/a11y_test-1.png\",\"datePublished\":\"2020-12-01T11:23:15+00:00\",\"dateModified\":\"2025-06-03T15:09:43+00:00\",\"description\":\"Retrouvez la d\u00e9claration d'accessibilit\u00e9 d'Hypra. Cette d\u00e9claration a \u00e9t\u00e9 \u00e9tablie par l\u2019\u00e9quipe d\u2019Hypra, sa derni\u00e8re r\u00e9vision date du 21 avril 2021.\",\"breadcrumb\":{\"@id\":\"https:\/\/www.hypra.fr\/accessibilite\/#breadcrumb\"},\"inLanguage\":\"en-US\",\"potentialAction\":[{\"@type\":\"ReadAction\",\"target\":[\"https:\/\/www.hypra.fr\/accessibilite\/\"]}]},{\"@type\":\"ImageObject\",\"inLanguage\":\"en-US\",\"@id\":\"https:\/\/www.hypra.fr\/accessibilite\/#primaryimage\",\"url\":\"https:\/\/www.hypra.fr\/wp-content\/uploads\/2020\/12\/a11y_test-1.png\",\"contentUrl\":\"https:\/\/www.hypra.fr\/wp-content\/uploads\/2020\/12\/a11y_test-1.png\",\"width\":999,\"height\":573,\"caption\":\"Test d\u2019accessibilit\u00e9\"},{\"@type\":\"BreadcrumbList\",\"@id\":\"https:\/\/www.hypra.fr\/accessibilite\/#breadcrumb\",\"itemListElement\":[{\"@type\":\"ListItem\",\"position\":1,\"name\":\"Accueil\",\"item\":\"https:\/\/www.hypra.fr\/\"},{\"@type\":\"ListItem\",\"position\":2,\"name\":\"Accessibilit\u00e9 num\u00e9rique\"}]},{\"@type\":\"WebSite\",\"@id\":\"https:\/\/www.hypra.fr\/#website\",\"url\":\"https:\/\/www.hypra.fr\/\",\"name\":\"Hypra\",\"description\":\"Nous vous accompagnons vers la r\u00e9silience et l\u2019autonomie num\u00e9riques\",\"publisher\":{\"@id\":\"https:\/\/www.hypra.fr\/#organization\"},\"potentialAction\":[{\"@type\":\"SearchAction\",\"target\":{\"@type\":\"EntryPoint\",\"urlTemplate\":\"https:\/\/www.hypra.fr\/?s={search_term_string}\"},\"query-input\":{\"@type\":\"PropertyValueSpecification\",\"valueRequired\":true,\"valueName\":\"search_term_string\"}}],\"inLanguage\":\"en-US\"},{\"@type\":\"Organization\",\"@id\":\"https:\/\/www.hypra.fr\/#organization\",\"name\":\"Hypra\",\"url\":\"https:\/\/www.hypra.fr\/\",\"logo\":{\"@type\":\"ImageObject\",\"inLanguage\":\"en-US\",\"@id\":\"https:\/\/www.hypra.fr\/#\/schema\/logo\/image\/\",\"url\":\"https:\/\/www.hypra.fr\/wp-content\/uploads\/2020\/11\/logo-blanc.svg.png\",\"contentUrl\":\"https:\/\/www.hypra.fr\/wp-content\/uploads\/2020\/11\/logo-blanc.svg.png\",\"width\":112,\"height\":32,\"caption\":\"Hypra\"},\"image\":{\"@id\":\"https:\/\/www.hypra.fr\/#\/schema\/logo\/image\/\"},\"sameAs\":[\"https:\/\/fr-fr.facebook.com\/hyprasoftware\/\",\"https:\/\/x.com\/Hypra_\",\"https:\/\/www.instagram.com\/hyprabettertogether\/\",\"https:\/\/fr.linkedin.com\/company\/hypra\",\"https:\/\/www.youtube.com\/channel\/UCKd_KDgzE60vq6ejeFk2jAQ\",\"https:\/\/fr.wikipedia.org\/wiki\/Hypra\"]}]}<\/script>\n<!-- \/ Yoast SEO plugin. -->","yoast_head_json":{"title":"Accessibilit\u00e9 num\u00e9rique - Hypra","description":"Retrouvez la d\u00e9claration d'accessibilit\u00e9 d'Hypra. Cette d\u00e9claration a \u00e9t\u00e9 \u00e9tablie par l\u2019\u00e9quipe d\u2019Hypra, sa derni\u00e8re r\u00e9vision date du 21 avril 2021.","robots":{"index":"index","follow":"follow","max-snippet":"max-snippet:-1","max-image-preview":"max-image-preview:large","max-video-preview":"max-video-preview:-1"},"canonical":"https:\/\/www.hypra.fr\/en\/accessibilite\/","og_locale":"en_US","og_type":"article","og_title":"Accessibilit\u00e9 num\u00e9rique - Hypra","og_description":"Retrouvez la d\u00e9claration d'accessibilit\u00e9 d'Hypra. Cette d\u00e9claration a \u00e9t\u00e9 \u00e9tablie par l\u2019\u00e9quipe d\u2019Hypra, sa derni\u00e8re r\u00e9vision date du 21 avril 2021.","og_url":"https:\/\/www.hypra.fr\/en\/accessibilite\/","og_site_name":"Hypra","article_publisher":"https:\/\/fr-fr.facebook.com\/hyprasoftware\/","article_modified_time":"2025-06-03T15:09:43+00:00","og_image":[{"width":999,"height":573,"url":"https:\/\/www.hypra.fr\/wp-content\/uploads\/2020\/12\/a11y_test-1.png","type":"image\/png"}],"twitter_card":"summary_large_image","twitter_site":"@Hypra_","twitter_misc":{"Est. reading time":"2 minutes"},"schema":{"@context":"https:\/\/schema.org","@graph":[{"@type":"WebPage","@id":"https:\/\/www.hypra.fr\/accessibilite\/","url":"https:\/\/www.hypra.fr\/accessibilite\/","name":"Accessibilit\u00e9 num\u00e9rique - Hypra","isPartOf":{"@id":"https:\/\/www.hypra.fr\/#website"},"primaryImageOfPage":{"@id":"https:\/\/www.hypra.fr\/accessibilite\/#primaryimage"},"image":{"@id":"https:\/\/www.hypra.fr\/accessibilite\/#primaryimage"},"thumbnailUrl":"https:\/\/www.hypra.fr\/wp-content\/uploads\/2020\/12\/a11y_test-1.png","datePublished":"2020-12-01T11:23:15+00:00","dateModified":"2025-06-03T15:09:43+00:00","description":"Retrouvez la d\u00e9claration d'accessibilit\u00e9 d'Hypra. Cette d\u00e9claration a \u00e9t\u00e9 \u00e9tablie par l\u2019\u00e9quipe d\u2019Hypra, sa derni\u00e8re r\u00e9vision date du 21 avril 2021.","breadcrumb":{"@id":"https:\/\/www.hypra.fr\/accessibilite\/#breadcrumb"},"inLanguage":"en-US","potentialAction":[{"@type":"ReadAction","target":["https:\/\/www.hypra.fr\/accessibilite\/"]}]},{"@type":"ImageObject","inLanguage":"en-US","@id":"https:\/\/www.hypra.fr\/accessibilite\/#primaryimage","url":"https:\/\/www.hypra.fr\/wp-content\/uploads\/2020\/12\/a11y_test-1.png","contentUrl":"https:\/\/www.hypra.fr\/wp-content\/uploads\/2020\/12\/a11y_test-1.png","width":999,"height":573,"caption":"Test d\u2019accessibilit\u00e9"},{"@type":"BreadcrumbList","@id":"https:\/\/www.hypra.fr\/accessibilite\/#breadcrumb","itemListElement":[{"@type":"ListItem","position":1,"name":"Accueil","item":"https:\/\/www.hypra.fr\/"},{"@type":"ListItem","position":2,"name":"Accessibilit\u00e9 num\u00e9rique"}]},{"@type":"WebSite","@id":"https:\/\/www.hypra.fr\/#website","url":"https:\/\/www.hypra.fr\/","name":"Hypra","description":"Nous vous accompagnons vers la r\u00e9silience et l\u2019autonomie num\u00e9riques","publisher":{"@id":"https:\/\/www.hypra.fr\/#organization"},"potentialAction":[{"@type":"SearchAction","target":{"@type":"EntryPoint","urlTemplate":"https:\/\/www.hypra.fr\/?s={search_term_string}"},"query-input":{"@type":"PropertyValueSpecification","valueRequired":true,"valueName":"search_term_string"}}],"inLanguage":"en-US"},{"@type":"Organization","@id":"https:\/\/www.hypra.fr\/#organization","name":"Hypra","url":"https:\/\/www.hypra.fr\/","logo":{"@type":"ImageObject","inLanguage":"en-US","@id":"https:\/\/www.hypra.fr\/#\/schema\/logo\/image\/","url":"https:\/\/www.hypra.fr\/wp-content\/uploads\/2020\/11\/logo-blanc.svg.png","contentUrl":"https:\/\/www.hypra.fr\/wp-content\/uploads\/2020\/11\/logo-blanc.svg.png","width":112,"height":32,"caption":"Hypra"},"image":{"@id":"https:\/\/www.hypra.fr\/#\/schema\/logo\/image\/"},"sameAs":["https:\/\/fr-fr.facebook.com\/hyprasoftware\/","https:\/\/x.com\/Hypra_","https:\/\/www.instagram.com\/hyprabettertogether\/","https:\/\/fr.linkedin.com\/company\/hypra","https:\/\/www.youtube.com\/channel\/UCKd_KDgzE60vq6ejeFk2jAQ","https:\/\/fr.wikipedia.org\/wiki\/Hypra"]}]}},"_links":{"self":[{"href":"https:\/\/www.hypra.fr\/en\/wp-json\/wp\/v2\/pages\/1511","targetHints":{"allow":["GET"]}}],"collection":[{"href":"https:\/\/www.hypra.fr\/en\/wp-json\/wp\/v2\/pages"}],"about":[{"href":"https:\/\/www.hypra.fr\/en\/wp-json\/wp\/v2\/types\/page"}],"author":[{"embeddable":true,"href":"https:\/\/www.hypra.fr\/en\/wp-json\/wp\/v2\/users\/1"}],"replies":[{"embeddable":true,"href":"https:\/\/www.hypra.fr\/en\/wp-json\/wp\/v2\/comments?post=1511"}],"version-history":[{"count":10,"href":"https:\/\/www.hypra.fr\/en\/wp-json\/wp\/v2\/pages\/1511\/revisions"}],"predecessor-version":[{"id":10848,"href":"https:\/\/www.hypra.fr\/en\/wp-json\/wp\/v2\/pages\/1511\/revisions\/10848"}],"wp:featuredmedia":[{"embeddable":true,"href":"https:\/\/www.hypra.fr\/en\/wp-json\/wp\/v2\/media\/1890"}],"wp:attachment":[{"href":"https:\/\/www.hypra.fr\/en\/wp-json\/wp\/v2\/media?parent=1511"}],"curies":[{"name":"wp","href":"https:\/\/api.w.org\/{rel}","templated":true}]}}