{"id":409,"date":"2020-11-25T14:35:02","date_gmt":"2020-11-25T13:35:02","guid":{"rendered":"https:\/\/www.hypra.fr\/?page_id=409"},"modified":"2026-03-10T10:21:45","modified_gmt":"2026-03-10T09:21:45","slug":"contactez-nous","status":"publish","type":"page","link":"https:\/\/www.hypra.fr\/en\/contactez-nous\/","title":{"rendered":"Contact"},"content":{"rendered":"\t\t<div data-elementor-type=\"wp-page\" data-elementor-id=\"409\" class=\"elementor elementor-409\" data-elementor-post-type=\"page\">\n\t\t\t\t\t\t<section class=\"elementor-section elementor-top-section elementor-element elementor-element-281d1f0 elementor-section-height-min-height header_minor elementor-section-boxed elementor-section-height-default elementor-section-items-middle wpr-particle-no wpr-jarallax-no wpr-parallax-no wpr-sticky-section-no\" data-id=\"281d1f0\" data-element_type=\"section\" data-settings=\"{&quot;background_background&quot;:&quot;gradient&quot;}\">\n\t\t\t\t\t\t<div class=\"elementor-container elementor-column-gap-default\">\n\t\t\t\t\t<div class=\"elementor-column elementor-col-100 elementor-top-column elementor-element elementor-element-efda5b1\" data-id=\"efda5b1\" data-element_type=\"column\">\n\t\t\t<div class=\"elementor-widget-wrap elementor-element-populated\">\n\t\t\t\t\t\t<div class=\"elementor-element elementor-element-c9c4ec1 elementor-widget elementor-widget-heading\" data-id=\"c9c4ec1\" data-element_type=\"widget\" data-widget_type=\"heading.default\">\n\t\t\t\t<div class=\"elementor-widget-container\">\n\t\t\t\t\t<h1 class=\"elementor-heading-title elementor-size-default\">Contactez-nous<\/h1>\t\t\t\t<\/div>\n\t\t\t\t<\/div>\n\t\t\t\t<div class=\"elementor-element elementor-element-02c19c4 elementor-widget elementor-widget-text-editor\" data-id=\"02c19c4\" data-element_type=\"widget\" data-widget_type=\"text-editor.default\">\n\t\t\t\t<div class=\"elementor-widget-container\">\n\t\t\t\t\t\t\t\t\t<p>Pour obtenir davantage d&rsquo;informations sur un produit ou un service ou toute autre question sur Hypra, n&rsquo;h\u00e9sitez pas \u00e0 revenir vers nous, nous reviendrons vers vous dans les meilleurs d\u00e9lais.<\/p>\t\t\t\t\t\t\t\t<\/div>\n\t\t\t\t<\/div>\n\t\t\t\t\t<\/div>\n\t\t<\/div>\n\t\t\t\t\t<\/div>\n\t\t<\/section>\n\t\t\t\t<section class=\"elementor-section elementor-top-section elementor-element elementor-element-7578e850 elementor-section-content-middle elementor-section-boxed elementor-section-height-default elementor-section-height-default wpr-particle-no wpr-jarallax-no wpr-parallax-no wpr-sticky-section-no\" data-id=\"7578e850\" data-element_type=\"section\">\n\t\t\t\t\t\t<div class=\"elementor-container elementor-column-gap-no\">\n\t\t\t\t\t<div class=\"elementor-column elementor-col-100 elementor-top-column elementor-element elementor-element-6aec8a58\" data-id=\"6aec8a58\" data-element_type=\"column\" data-settings=\"{&quot;background_background&quot;:&quot;classic&quot;}\">\n\t\t\t<div class=\"elementor-widget-wrap elementor-element-populated\">\n\t\t\t\t\t\t<div class=\"elementor-element elementor-element-654a74f elementor-button-align-center elementor-widget elementor-widget-form\" data-id=\"654a74f\" data-element_type=\"widget\" data-settings=\"{&quot;step_next_label&quot;:&quot;Suivant&quot;,&quot;step_previous_label&quot;:&quot;Pr\\u00e9c\\u00e9dent&quot;,&quot;button_width&quot;:&quot;100&quot;,&quot;step_type&quot;:&quot;number_text&quot;,&quot;step_icon_shape&quot;:&quot;circle&quot;}\" data-widget_type=\"form.default\">\n\t\t\t\t<div class=\"elementor-widget-container\">\n\t\t\t\t\t\t\t<form class=\"elementor-form\" method=\"post\" name=\"Formulaire de recontact\" aria-label=\"Formulaire de recontact\">\n\t\t\t<input type=\"hidden\" name=\"post_id\" value=\"409\"\/>\n\t\t\t<input type=\"hidden\" name=\"form_id\" value=\"654a74f\"\/>\n\t\t\t<input type=\"hidden\" name=\"referer_title\" value=\"Contact - Hypra\" \/>\n\n\t\t\t\t\t\t\t<input type=\"hidden\" name=\"queried_id\" value=\"409\"\/>\n\t\t\t\n\t\t\t<div class=\"elementor-form-fields-wrapper elementor-labels-above\">\n\t\t\t\t\t\t\t\t<div class=\"elementor-field-type-text elementor-field-group elementor-column elementor-field-group-name elementor-col-40 elementor-field-required elementor-mark-required\">\n\t\t\t\t\t\t\t\t\t\t\t\t<label for=\"form-field-name\" class=\"elementor-field-label\">\n\t\t\t\t\t\t\t\tNom\t\t\t\t\t\t\t<\/label>\n\t\t\t\t\t\t\t\t\t\t\t\t\t\t<input size=\"1\" type=\"text\" name=\"form_fields[name]\" id=\"form-field-name\" class=\"elementor-field elementor-size-sm  elementor-field-textual\" placeholder=\"Ex. Jean\" required=\"required\">\n\t\t\t\t\t\t\t\t\t\t\t<\/div>\n\t\t\t\t\t\t\t\t<div class=\"elementor-field-type-email elementor-field-group elementor-column elementor-field-group-email elementor-col-40 elementor-field-required elementor-mark-required\">\n\t\t\t\t\t\t\t\t\t\t\t\t<label for=\"form-field-email\" class=\"elementor-field-label\">\n\t\t\t\t\t\t\t\tEmail\t\t\t\t\t\t\t<\/label>\n\t\t\t\t\t\t\t\t\t\t\t\t\t\t<input size=\"1\" type=\"email\" name=\"form_fields[email]\" id=\"form-field-email\" class=\"elementor-field elementor-size-sm  elementor-field-textual\" placeholder=\"Ex. jean@dupont.com\" required=\"required\">\n\t\t\t\t\t\t\t\t\t\t\t<\/div>\n\t\t\t\t\t\t\t\t<div class=\"elementor-field-type-text elementor-field-group elementor-column elementor-field-group-message elementor-col-20\">\n\t\t\t\t\t\t\t\t\t\t\t\t<label for=\"form-field-message\" class=\"elementor-field-label\">\n\t\t\t\t\t\t\t\tT\u00e9l.\t\t\t\t\t\t\t<\/label>\n\t\t\t\t\t\t\t\t\t\t\t\t\t\t<input size=\"1\" type=\"text\" name=\"form_fields[message]\" id=\"form-field-message\" class=\"elementor-field elementor-size-sm  elementor-field-textual\" placeholder=\"T\u00e9l\u00e9phone\">\n\t\t\t\t\t\t\t\t\t\t\t<\/div>\n\t\t\t\t\t\t\t\t<div class=\"elementor-field-type-textarea elementor-field-group elementor-column elementor-field-group-field_ef7509b elementor-col-100 elementor-field-required elementor-mark-required\">\n\t\t\t\t\t\t\t\t\t\t\t\t<label for=\"form-field-field_ef7509b\" class=\"elementor-field-label\">\n\t\t\t\t\t\t\t\tMotif\t\t\t\t\t\t\t<\/label>\n\t\t\t\t\t\t<textarea class=\"elementor-field-textual elementor-field  elementor-size-sm\" name=\"form_fields[field_ef7509b]\" id=\"form-field-field_ef7509b\" rows=\"4\" placeholder=\"Indiquez le motif de votre demande\" required=\"required\"><\/textarea>\t\t\t\t<\/div>\n\t\t\t\t\t\t\t\t<div class=\"elementor-field-type-recaptcha_v3 elementor-field-group elementor-column elementor-field-group-field_cf26cce elementor-col-100 recaptcha_v3-bottomright\">\n\t\t\t\t\t<div class=\"elementor-field\" id=\"form-field-field_cf26cce\"><div class=\"elementor-g-recaptcha\" data-sitekey=\"6LeEAdQqAAAAAHgxdvpDa4KrTby8sAaz8ZglJ9UH\" data-type=\"v3\" data-action=\"Form\" data-badge=\"bottomright\" data-size=\"invisible\"><\/div><\/div>\t\t\t\t<\/div>\n\t\t\t\t\t\t\t\t<div class=\"elementor-field-group elementor-column elementor-field-type-submit elementor-col-100 e-form__buttons\">\n\t\t\t\t\t<button class=\"elementor-button elementor-size-sm\" type=\"submit\">\n\t\t\t\t\t\t<span class=\"elementor-button-content-wrapper\">\n\t\t\t\t\t\t\t\t\t\t\t\t\t\t\t\t\t\t\t\t\t\t<span class=\"elementor-button-text\">\u00catre recontact\u00e9<\/span>\n\t\t\t\t\t\t\t\t\t\t\t\t\t<\/span>\n\t\t\t\t\t<\/button>\n\t\t\t\t<\/div>\n\t\t\t<\/div>\n\t\t<\/form>\n\t\t\t\t\t\t<\/div>\n\t\t\t\t<\/div>\n\t\t\t\t\t<\/div>\n\t\t<\/div>\n\t\t\t\t\t<\/div>\n\t\t<\/section>\n\t\t\t\t<section class=\"elementor-section elementor-top-section elementor-element elementor-element-7aac116 elementor-section-boxed elementor-section-height-default elementor-section-height-default wpr-particle-no wpr-jarallax-no wpr-parallax-no wpr-sticky-section-no\" data-id=\"7aac116\" data-element_type=\"section\">\n\t\t\t\t\t\t<div class=\"elementor-container elementor-column-gap-default\">\n\t\t\t\t\t<div class=\"elementor-column elementor-col-100 elementor-top-column elementor-element elementor-element-cf1e83a\" data-id=\"cf1e83a\" data-element_type=\"column\" data-settings=\"{&quot;background_background&quot;:&quot;classic&quot;}\">\n\t\t\t<div class=\"elementor-widget-wrap elementor-element-populated\">\n\t\t\t\t\t\t<div class=\"elementor-element elementor-element-fc16da9 elementor-widget elementor-widget-heading\" data-id=\"fc16da9\" data-element_type=\"widget\" data-widget_type=\"heading.default\">\n\t\t\t\t<div class=\"elementor-widget-container\">\n\t\t\t\t\t<h2 class=\"elementor-heading-title elementor-size-default\">Nos coordonn\u00e9es<\/h2>\t\t\t\t<\/div>\n\t\t\t\t<\/div>\n\t\t\t\t\t<\/div>\n\t\t<\/div>\n\t\t\t\t\t<\/div>\n\t\t<\/section>\n\t\t\t\t<section class=\"elementor-section elementor-top-section elementor-element elementor-element-c76333e elementor-section-boxed elementor-section-height-default elementor-section-height-default wpr-particle-no wpr-jarallax-no wpr-parallax-no wpr-sticky-section-no\" data-id=\"c76333e\" data-element_type=\"section\">\n\t\t\t\t\t\t<div class=\"elementor-container elementor-column-gap-default\">\n\t\t\t\t\t<div class=\"elementor-column elementor-col-100 elementor-top-column elementor-element elementor-element-869a0f7\" data-id=\"869a0f7\" data-element_type=\"column\">\n\t\t\t<div class=\"elementor-widget-wrap elementor-element-populated\">\n\t\t\t\t\t\t<div class=\"elementor-element elementor-element-a12bb51 elementor-icon-list--layout-traditional elementor-list-item-link-full_width elementor-widget elementor-widget-icon-list\" data-id=\"a12bb51\" data-element_type=\"widget\" data-widget_type=\"icon-list.default\">\n\t\t\t\t<div class=\"elementor-widget-container\">\n\t\t\t\t\t\t\t<ul class=\"elementor-icon-list-items\">\n\t\t\t\t\t\t\t<li class=\"elementor-icon-list-item\">\n\t\t\t\t\t\t\t\t\t\t\t<span class=\"elementor-icon-list-icon\">\n\t\t\t\t\t\t\t<i aria-hidden=\"true\" class=\"fas fa-map-pin\"><\/i>\t\t\t\t\t\t<\/span>\n\t\t\t\t\t\t\t\t\t\t<span class=\"elementor-icon-list-text\">84 Rue Charles Michels, 93200 Saint-Denis<\/span>\n\t\t\t\t\t\t\t\t\t<\/li>\n\t\t\t\t\t\t\t\t<li class=\"elementor-icon-list-item\">\n\t\t\t\t\t\t\t\t\t\t\t<span class=\"elementor-icon-list-icon\">\n\t\t\t\t\t\t\t<i aria-hidden=\"true\" class=\"far fa-envelope\"><\/i>\t\t\t\t\t\t<\/span>\n\t\t\t\t\t\t\t\t\t\t<span class=\"elementor-icon-list-text\">administration[at]hypra.fr<\/span>\n\t\t\t\t\t\t\t\t\t<\/li>\n\t\t\t\t\t\t\t\t<li class=\"elementor-icon-list-item\">\n\t\t\t\t\t\t\t\t\t\t\t<a href=\"tel:0184730661\">\n\n\t\t\t\t\t\t\t\t\t\t\t\t<span class=\"elementor-icon-list-icon\">\n\t\t\t\t\t\t\t<i aria-hidden=\"true\" class=\"fas fa-phone-alt\"><\/i>\t\t\t\t\t\t<\/span>\n\t\t\t\t\t\t\t\t\t\t<span class=\"elementor-icon-list-text\">01 84 73 06 61<\/span>\n\t\t\t\t\t\t\t\t\t\t\t<\/a>\n\t\t\t\t\t\t\t\t\t<\/li>\n\t\t\t\t\t\t<\/ul>\n\t\t\t\t\t\t<\/div>\n\t\t\t\t<\/div>\n\t\t\t\t\t<\/div>\n\t\t<\/div>\n\t\t\t\t\t<\/div>\n\t\t<\/section>\n\t\t<div class=\"elementor-element elementor-element-6f64bbf e-flex e-con-boxed wpr-particle-no wpr-jarallax-no wpr-parallax-no wpr-sticky-section-no e-con e-parent\" data-id=\"6f64bbf\" data-element_type=\"container\">\n\t\t\t\t\t<div class=\"e-con-inner\">\n\t\t\t\t<div class=\"elementor-element elementor-element-9afbbe5 elementor-widget elementor-widget-spacer\" data-id=\"9afbbe5\" data-element_type=\"widget\" data-widget_type=\"spacer.default\">\n\t\t\t\t<div class=\"elementor-widget-container\">\n\t\t\t\t\t\t\t<div class=\"elementor-spacer\">\n\t\t\t<div class=\"elementor-spacer-inner\"><\/div>\n\t\t<\/div>\n\t\t\t\t\t\t<\/div>\n\t\t\t\t<\/div>\n\t\t\t\t\t<\/div>\n\t\t\t\t<\/div>\n\t\t<div class=\"elementor-element elementor-element-e89ba76 e-grid e-con-boxed wpr-particle-no wpr-jarallax-no wpr-parallax-no wpr-sticky-section-no e-con e-parent\" data-id=\"e89ba76\" data-element_type=\"container\">\n\t\t\t\t\t<div class=\"e-con-inner\">\n\t\t\t\t<div class=\"elementor-element elementor-element-d7e3c80 elementor-widget elementor-widget-image\" data-id=\"d7e3c80\" data-element_type=\"widget\" data-widget_type=\"image.default\">\n\t\t\t\t<div class=\"elementor-widget-container\">\n\t\t\t\t\t\t\t\t\t\t\t\t\t\t\t<img fetchpriority=\"high\" decoding=\"async\" width=\"1297\" height=\"1297\" src=\"https:\/\/www.hypra.fr\/wp-content\/uploads\/2025\/07\/Design-sans-titre-2025-07-25T171331.548.png\" class=\"attachment-full size-full wp-image-12116\" alt=\"photo b\u00e2timent du Handilab\" srcset=\"https:\/\/www.hypra.fr\/wp-content\/uploads\/2025\/07\/Design-sans-titre-2025-07-25T171331.548.png 1297w, https:\/\/www.hypra.fr\/wp-content\/uploads\/2025\/07\/Design-sans-titre-2025-07-25T171331.548-300x300.png 300w, https:\/\/www.hypra.fr\/wp-content\/uploads\/2025\/07\/Design-sans-titre-2025-07-25T171331.548-1024x1024.png 1024w, https:\/\/www.hypra.fr\/wp-content\/uploads\/2025\/07\/Design-sans-titre-2025-07-25T171331.548-150x150.png 150w, https:\/\/www.hypra.fr\/wp-content\/uploads\/2025\/07\/Design-sans-titre-2025-07-25T171331.548-768x768.png 768w\" sizes=\"(max-width: 1297px) 100vw, 1297px\" \/>\t\t\t\t\t\t\t\t\t\t\t\t\t\t\t<\/div>\n\t\t\t\t<\/div>\n\t\t\t\t<div class=\"elementor-element elementor-element-f442b47 elementor-widget elementor-widget-image\" data-id=\"f442b47\" data-element_type=\"widget\" data-widget_type=\"image.default\">\n\t\t\t\t<div class=\"elementor-widget-container\">\n\t\t\t\t\t\t\t\t\t\t\t\t\t\t\t<img decoding=\"async\" width=\"1297\" height=\"1297\" src=\"https:\/\/www.hypra.fr\/wp-content\/uploads\/2025\/07\/Design-sans-titre-2025-07-25T171650.171.png\" class=\"attachment-full size-full wp-image-12118\" alt=\"photo int\u00e9rieur du Handilab\" srcset=\"https:\/\/www.hypra.fr\/wp-content\/uploads\/2025\/07\/Design-sans-titre-2025-07-25T171650.171.png 1297w, https:\/\/www.hypra.fr\/wp-content\/uploads\/2025\/07\/Design-sans-titre-2025-07-25T171650.171-300x300.png 300w, https:\/\/www.hypra.fr\/wp-content\/uploads\/2025\/07\/Design-sans-titre-2025-07-25T171650.171-1024x1024.png 1024w, https:\/\/www.hypra.fr\/wp-content\/uploads\/2025\/07\/Design-sans-titre-2025-07-25T171650.171-150x150.png 150w, https:\/\/www.hypra.fr\/wp-content\/uploads\/2025\/07\/Design-sans-titre-2025-07-25T171650.171-768x768.png 768w\" sizes=\"(max-width: 1297px) 100vw, 1297px\" \/>\t\t\t\t\t\t\t\t\t\t\t\t\t\t\t<\/div>\n\t\t\t\t<\/div>\n\t\t\t\t\t<\/div>\n\t\t\t\t<\/div>\n\t\t\t\t<\/div>\n\t\t","protected":false},"excerpt":{"rendered":"<p>Contactez-nous Pour obtenir davantage d&rsquo;informations sur un produit ou un service ou toute autre question sur Hypra, n&rsquo;h\u00e9sitez pas \u00e0 revenir vers nous, nous reviendrons vers vous dans les meilleurs d\u00e9lais. Nos coordonn\u00e9es 84 Rue Charles Michels, 93200 Saint-Denis administration[at]hypra.fr 01 84 73 06 61<\/p>\n","protected":false},"author":1,"featured_media":767,"parent":0,"menu_order":0,"comment_status":"closed","ping_status":"closed","template":"","meta":{"footnotes":""},"class_list":["post-409","page","type-page","status-publish","has-post-thumbnail","hentry"],"yoast_head":"<!-- This site is optimized with the Yoast SEO plugin v24.7 - https:\/\/yoast.com\/wordpress\/plugins\/seo\/ -->\n<title>Contact - Hypra<\/title>\n<meta name=\"description\" content=\"Contactez-nous grace au formulaire, ou \u00e0 notre num\u00e9ro : 01 84 73 06 61. Nous sommes joignable du lundi au vendredi, de 9h \u00e0 18h.\" \/>\n<meta name=\"robots\" content=\"index, follow, max-snippet:-1, max-image-preview:large, max-video-preview:-1\" \/>\n<link rel=\"canonical\" href=\"https:\/\/www.hypra.fr\/en\/contactez-nous\/\" \/>\n<meta property=\"og:locale\" content=\"en_US\" \/>\n<meta property=\"og:type\" content=\"article\" \/>\n<meta property=\"og:title\" content=\"Contact - Hypra\" \/>\n<meta property=\"og:description\" content=\"Contactez-nous grace au formulaire, ou \u00e0 notre num\u00e9ro : 01 84 73 06 61. Nous sommes joignable du lundi au vendredi, de 9h \u00e0 18h.\" \/>\n<meta property=\"og:url\" content=\"https:\/\/www.hypra.fr\/en\/contactez-nous\/\" \/>\n<meta property=\"og:site_name\" content=\"Hypra\" \/>\n<meta property=\"article:publisher\" content=\"https:\/\/fr-fr.facebook.com\/hyprasoftware\/\" \/>\n<meta property=\"article:modified_time\" content=\"2026-03-10T09:21:45+00:00\" \/>\n<meta name=\"twitter:card\" content=\"summary_large_image\" \/>\n<meta name=\"twitter:site\" content=\"@Hypra_\" \/>\n<meta name=\"twitter:label1\" content=\"Est. reading time\" \/>\n\t<meta name=\"twitter:data1\" content=\"1 minute\" \/>\n<script type=\"application\/ld+json\" class=\"yoast-schema-graph\">{\"@context\":\"https:\/\/schema.org\",\"@graph\":[{\"@type\":\"WebPage\",\"@id\":\"https:\/\/www.hypra.fr\/contactez-nous\/\",\"url\":\"https:\/\/www.hypra.fr\/contactez-nous\/\",\"name\":\"Contact - Hypra\",\"isPartOf\":{\"@id\":\"https:\/\/www.hypra.fr\/#website\"},\"primaryImageOfPage\":{\"@id\":\"https:\/\/www.hypra.fr\/contactez-nous\/#primaryimage\"},\"image\":{\"@id\":\"https:\/\/www.hypra.fr\/contactez-nous\/#primaryimage\"},\"thumbnailUrl\":\"https:\/\/www.hypra.fr\/wp-content\/uploads\/2020\/11\/femme-qui-parle.svg\",\"datePublished\":\"2020-11-25T13:35:02+00:00\",\"dateModified\":\"2026-03-10T09:21:45+00:00\",\"description\":\"Contactez-nous grace au formulaire, ou \u00e0 notre num\u00e9ro : 01 84 73 06 61. Nous sommes joignable du lundi au vendredi, de 9h \u00e0 18h.\",\"breadcrumb\":{\"@id\":\"https:\/\/www.hypra.fr\/contactez-nous\/#breadcrumb\"},\"inLanguage\":\"en-US\",\"potentialAction\":[{\"@type\":\"ReadAction\",\"target\":[\"https:\/\/www.hypra.fr\/contactez-nous\/\"]}]},{\"@type\":\"ImageObject\",\"inLanguage\":\"en-US\",\"@id\":\"https:\/\/www.hypra.fr\/contactez-nous\/#primaryimage\",\"url\":\"https:\/\/www.hypra.fr\/wp-content\/uploads\/2020\/11\/femme-qui-parle.svg\",\"contentUrl\":\"https:\/\/www.hypra.fr\/wp-content\/uploads\/2020\/11\/femme-qui-parle.svg\"},{\"@type\":\"BreadcrumbList\",\"@id\":\"https:\/\/www.hypra.fr\/contactez-nous\/#breadcrumb\",\"itemListElement\":[{\"@type\":\"ListItem\",\"position\":1,\"name\":\"Accueil\",\"item\":\"https:\/\/www.hypra.fr\/\"},{\"@type\":\"ListItem\",\"position\":2,\"name\":\"Contact\"}]},{\"@type\":\"WebSite\",\"@id\":\"https:\/\/www.hypra.fr\/#website\",\"url\":\"https:\/\/www.hypra.fr\/\",\"name\":\"Hypra\",\"description\":\"Nous vous accompagnons vers la r\u00e9silience et l\u2019autonomie num\u00e9riques\",\"publisher\":{\"@id\":\"https:\/\/www.hypra.fr\/#organization\"},\"potentialAction\":[{\"@type\":\"SearchAction\",\"target\":{\"@type\":\"EntryPoint\",\"urlTemplate\":\"https:\/\/www.hypra.fr\/?s={search_term_string}\"},\"query-input\":{\"@type\":\"PropertyValueSpecification\",\"valueRequired\":true,\"valueName\":\"search_term_string\"}}],\"inLanguage\":\"en-US\"},{\"@type\":\"Organization\",\"@id\":\"https:\/\/www.hypra.fr\/#organization\",\"name\":\"Hypra\",\"url\":\"https:\/\/www.hypra.fr\/\",\"logo\":{\"@type\":\"ImageObject\",\"inLanguage\":\"en-US\",\"@id\":\"https:\/\/www.hypra.fr\/#\/schema\/logo\/image\/\",\"url\":\"https:\/\/www.hypra.fr\/wp-content\/uploads\/2020\/11\/logo-blanc.svg.png\",\"contentUrl\":\"https:\/\/www.hypra.fr\/wp-content\/uploads\/2020\/11\/logo-blanc.svg.png\",\"width\":112,\"height\":32,\"caption\":\"Hypra\"},\"image\":{\"@id\":\"https:\/\/www.hypra.fr\/#\/schema\/logo\/image\/\"},\"sameAs\":[\"https:\/\/fr-fr.facebook.com\/hyprasoftware\/\",\"https:\/\/x.com\/Hypra_\",\"https:\/\/www.instagram.com\/hyprabettertogether\/\",\"https:\/\/fr.linkedin.com\/company\/hypra\",\"https:\/\/www.youtube.com\/channel\/UCKd_KDgzE60vq6ejeFk2jAQ\",\"https:\/\/fr.wikipedia.org\/wiki\/Hypra\"]}]}<\/script>\n<!-- \/ Yoast SEO plugin. -->","yoast_head_json":{"title":"Contact - Hypra","description":"Contactez-nous grace au formulaire, ou \u00e0 notre num\u00e9ro : 01 84 73 06 61. Nous sommes joignable du lundi au vendredi, de 9h \u00e0 18h.","robots":{"index":"index","follow":"follow","max-snippet":"max-snippet:-1","max-image-preview":"max-image-preview:large","max-video-preview":"max-video-preview:-1"},"canonical":"https:\/\/www.hypra.fr\/en\/contactez-nous\/","og_locale":"en_US","og_type":"article","og_title":"Contact - Hypra","og_description":"Contactez-nous grace au formulaire, ou \u00e0 notre num\u00e9ro : 01 84 73 06 61. Nous sommes joignable du lundi au vendredi, de 9h \u00e0 18h.","og_url":"https:\/\/www.hypra.fr\/en\/contactez-nous\/","og_site_name":"Hypra","article_publisher":"https:\/\/fr-fr.facebook.com\/hyprasoftware\/","article_modified_time":"2026-03-10T09:21:45+00:00","twitter_card":"summary_large_image","twitter_site":"@Hypra_","twitter_misc":{"Est. reading time":"1 minute"},"schema":{"@context":"https:\/\/schema.org","@graph":[{"@type":"WebPage","@id":"https:\/\/www.hypra.fr\/contactez-nous\/","url":"https:\/\/www.hypra.fr\/contactez-nous\/","name":"Contact - Hypra","isPartOf":{"@id":"https:\/\/www.hypra.fr\/#website"},"primaryImageOfPage":{"@id":"https:\/\/www.hypra.fr\/contactez-nous\/#primaryimage"},"image":{"@id":"https:\/\/www.hypra.fr\/contactez-nous\/#primaryimage"},"thumbnailUrl":"https:\/\/www.hypra.fr\/wp-content\/uploads\/2020\/11\/femme-qui-parle.svg","datePublished":"2020-11-25T13:35:02+00:00","dateModified":"2026-03-10T09:21:45+00:00","description":"Contactez-nous grace au formulaire, ou \u00e0 notre num\u00e9ro : 01 84 73 06 61. Nous sommes joignable du lundi au vendredi, de 9h \u00e0 18h.","breadcrumb":{"@id":"https:\/\/www.hypra.fr\/contactez-nous\/#breadcrumb"},"inLanguage":"en-US","potentialAction":[{"@type":"ReadAction","target":["https:\/\/www.hypra.fr\/contactez-nous\/"]}]},{"@type":"ImageObject","inLanguage":"en-US","@id":"https:\/\/www.hypra.fr\/contactez-nous\/#primaryimage","url":"https:\/\/www.hypra.fr\/wp-content\/uploads\/2020\/11\/femme-qui-parle.svg","contentUrl":"https:\/\/www.hypra.fr\/wp-content\/uploads\/2020\/11\/femme-qui-parle.svg"},{"@type":"BreadcrumbList","@id":"https:\/\/www.hypra.fr\/contactez-nous\/#breadcrumb","itemListElement":[{"@type":"ListItem","position":1,"name":"Accueil","item":"https:\/\/www.hypra.fr\/"},{"@type":"ListItem","position":2,"name":"Contact"}]},{"@type":"WebSite","@id":"https:\/\/www.hypra.fr\/#website","url":"https:\/\/www.hypra.fr\/","name":"Hypra","description":"Nous vous accompagnons vers la r\u00e9silience et l\u2019autonomie num\u00e9riques","publisher":{"@id":"https:\/\/www.hypra.fr\/#organization"},"potentialAction":[{"@type":"SearchAction","target":{"@type":"EntryPoint","urlTemplate":"https:\/\/www.hypra.fr\/?s={search_term_string}"},"query-input":{"@type":"PropertyValueSpecification","valueRequired":true,"valueName":"search_term_string"}}],"inLanguage":"en-US"},{"@type":"Organization","@id":"https:\/\/www.hypra.fr\/#organization","name":"Hypra","url":"https:\/\/www.hypra.fr\/","logo":{"@type":"ImageObject","inLanguage":"en-US","@id":"https:\/\/www.hypra.fr\/#\/schema\/logo\/image\/","url":"https:\/\/www.hypra.fr\/wp-content\/uploads\/2020\/11\/logo-blanc.svg.png","contentUrl":"https:\/\/www.hypra.fr\/wp-content\/uploads\/2020\/11\/logo-blanc.svg.png","width":112,"height":32,"caption":"Hypra"},"image":{"@id":"https:\/\/www.hypra.fr\/#\/schema\/logo\/image\/"},"sameAs":["https:\/\/fr-fr.facebook.com\/hyprasoftware\/","https:\/\/x.com\/Hypra_","https:\/\/www.instagram.com\/hyprabettertogether\/","https:\/\/fr.linkedin.com\/company\/hypra","https:\/\/www.youtube.com\/channel\/UCKd_KDgzE60vq6ejeFk2jAQ","https:\/\/fr.wikipedia.org\/wiki\/Hypra"]}]}},"_links":{"self":[{"href":"https:\/\/www.hypra.fr\/en\/wp-json\/wp\/v2\/pages\/409","targetHints":{"allow":["GET"]}}],"collection":[{"href":"https:\/\/www.hypra.fr\/en\/wp-json\/wp\/v2\/pages"}],"about":[{"href":"https:\/\/www.hypra.fr\/en\/wp-json\/wp\/v2\/types\/page"}],"author":[{"embeddable":true,"href":"https:\/\/www.hypra.fr\/en\/wp-json\/wp\/v2\/users\/1"}],"replies":[{"embeddable":true,"href":"https:\/\/www.hypra.fr\/en\/wp-json\/wp\/v2\/comments?post=409"}],"version-history":[{"count":10,"href":"https:\/\/www.hypra.fr\/en\/wp-json\/wp\/v2\/pages\/409\/revisions"}],"predecessor-version":[{"id":16329,"href":"https:\/\/www.hypra.fr\/en\/wp-json\/wp\/v2\/pages\/409\/revisions\/16329"}],"wp:featuredmedia":[{"embeddable":true,"href":"https:\/\/www.hypra.fr\/en\/wp-json\/wp\/v2\/media\/767"}],"wp:attachment":[{"href":"https:\/\/www.hypra.fr\/en\/wp-json\/wp\/v2\/media?parent=409"}],"curies":[{"name":"wp","href":"https:\/\/api.w.org\/{rel}","templated":true}]}}