{"id":5668,"date":"2021-09-17T11:53:04","date_gmt":"2021-09-17T09:53:04","guid":{"rendered":"https:\/\/www.hypra.fr\/?page_id=5668"},"modified":"2021-09-17T11:54:12","modified_gmt":"2021-09-17T09:54:12","slug":"formulaire-ateliers-resilience","status":"publish","type":"page","link":"https:\/\/www.hypra.fr\/en\/formulaire-ateliers-resilience\/","title":{"rendered":"Formulaire ateliers r\u00e9silience"},"content":{"rendered":"\t\t<div data-elementor-type=\"wp-page\" data-elementor-id=\"5668\" class=\"elementor elementor-5668\" data-elementor-post-type=\"page\">\n\t\t\t\t\t\t<section class=\"elementor-section elementor-top-section elementor-element elementor-element-b05c223 elementor-section-boxed elementor-section-height-default elementor-section-height-default wpr-particle-no wpr-jarallax-no wpr-parallax-no wpr-sticky-section-no\" data-id=\"b05c223\" data-element_type=\"section\">\n\t\t\t\t\t\t<div class=\"elementor-container elementor-column-gap-default\">\n\t\t\t\t\t<div class=\"elementor-column elementor-col-100 elementor-top-column elementor-element elementor-element-839322e\" data-id=\"839322e\" data-element_type=\"column\">\n\t\t\t<div class=\"elementor-widget-wrap elementor-element-populated\">\n\t\t\t\t\t\t<div class=\"elementor-element elementor-element-1c48145 elementor-button-align-stretch elementor-widget elementor-widget-form\" data-id=\"1c48145\" data-element_type=\"widget\" data-settings=\"{&quot;step_next_label&quot;:&quot;Next&quot;,&quot;step_previous_label&quot;:&quot;Previous&quot;,&quot;button_width&quot;:&quot;100&quot;,&quot;step_type&quot;:&quot;number_text&quot;,&quot;step_icon_shape&quot;:&quot;circle&quot;}\" data-widget_type=\"form.default\">\n\t\t\t\t<div class=\"elementor-widget-container\">\n\t\t\t\t\t\t\t<form class=\"elementor-form\" method=\"post\" name=\"Formulaire atelier r\u00e9silience\" aria-label=\"Formulaire atelier r\u00e9silience\">\n\t\t\t<input type=\"hidden\" name=\"post_id\" value=\"5668\"\/>\n\t\t\t<input type=\"hidden\" name=\"form_id\" value=\"1c48145\"\/>\n\t\t\t<input type=\"hidden\" name=\"referer_title\" value=\"Formulaire ateliers r\u00e9silience - Hypra\" \/>\n\n\t\t\t\t\t\t\t<input type=\"hidden\" name=\"queried_id\" value=\"5668\"\/>\n\t\t\t\n\t\t\t<div class=\"elementor-form-fields-wrapper elementor-labels-above\">\n\t\t\t\t\t\t\t\t<div class=\"elementor-field-type-select elementor-field-group elementor-column elementor-field-group-field_be45678 elementor-col-100 elementor-field-required elementor-mark-required\">\n\t\t\t\t\t\t\t\t\t\t\t\t<label for=\"form-field-field_be45678\" class=\"elementor-field-label\">\n\t\t\t\t\t\t\t\tVous \u00eates\t\t\t\t\t\t\t<\/label>\n\t\t\t\t\t\t\t\t<div class=\"elementor-field elementor-select-wrapper remove-before \">\n\t\t\t<div class=\"select-caret-down-wrapper\">\n\t\t\t\t<i aria-hidden=\"true\" class=\"eicon-caret-down\"><\/i>\t\t\t<\/div>\n\t\t\t<select name=\"form_fields[field_be45678]\" id=\"form-field-field_be45678\" class=\"elementor-field-textual elementor-size-sm\" required=\"required\">\n\t\t\t\t\t\t\t\t\t<option value=\"CLIC\">CLIC<\/option>\n\t\t\t\t\t\t\t\t\t<option value=\"Espace Autonomie \/ PAT \/ CAP\">Espace Autonomie \/ PAT \/ CAP<\/option>\n\t\t\t\t\t\t\t\t\t<option value=\"R\u00e9sidence Autonomie \/ CCAS\">R\u00e9sidence Autonomie \/ CCAS<\/option>\n\t\t\t\t\t\t\t\t\t<option value=\"R\u00e9sidence Services\">R\u00e9sidence Services<\/option>\n\t\t\t\t\t\t\t\t\t<option value=\"Service \u00e0 la personne\">Service \u00e0 la personne<\/option>\n\t\t\t\t\t\t\t\t\t<option value=\"Ophtalmologiste\">Ophtalmologiste<\/option>\n\t\t\t\t\t\t\t\t\t<option value=\"T\u00eate de r\u00e9seaux\">T\u00eate de r\u00e9seaux<\/option>\n\t\t\t\t\t\t\t\t\t<option value=\"Pharmacien\">Pharmacien<\/option>\n\t\t\t\t\t\t\t\t\t<option value=\"Orthoptiste\">Orthoptiste<\/option>\n\t\t\t\t\t\t\t\t\t<option value=\"Mutuelle\">Mutuelle<\/option>\n\t\t\t\t\t\t\t\t\t<option value=\"Association\">Association<\/option>\n\t\t\t\t\t\t\t\t\t<option value=\"Autre\">Autre<\/option>\n\t\t\t\t\t\t\t\t\t<option value=\"Choisissez dans la liste d\u00e9roulante\">Choisissez dans la liste d\u00e9roulante<\/option>\n\t\t\t\t\t\t\t<\/select>\n\t\t<\/div>\n\t\t\t\t\t\t<\/div>\n\t\t\t\t\t\t\t\t<div class=\"elementor-field-type-textarea elementor-field-group elementor-column elementor-field-group-field_48b068c elementor-col-100 elementor-field-required elementor-mark-required\">\n\t\t\t\t\t\t\t\t\t\t\t\t<label for=\"form-field-field_48b068c\" class=\"elementor-field-label\">\n\t\t\t\t\t\t\t\tVotre nom\t\t\t\t\t\t\t<\/label>\n\t\t\t\t\t\t<textarea class=\"elementor-field-textual elementor-field  elementor-size-sm\" name=\"form_fields[field_48b068c]\" id=\"form-field-field_48b068c\" rows=\"1\" placeholder=\"Professionnel prescripteur\" required=\"required\"><\/textarea>\t\t\t\t<\/div>\n\t\t\t\t\t\t\t\t<div class=\"elementor-field-type-email elementor-field-group elementor-column elementor-field-group-email elementor-col-75\">\n\t\t\t\t\t\t\t\t\t\t\t\t<label for=\"form-field-email\" class=\"elementor-field-label\">\n\t\t\t\t\t\t\t\tVotre e-mail\t\t\t\t\t\t\t<\/label>\n\t\t\t\t\t\t\t\t\t\t\t\t\t\t<input size=\"1\" type=\"email\" name=\"form_fields[email]\" id=\"form-field-email\" class=\"elementor-field elementor-size-sm  elementor-field-textual\" placeholder=\"E-mail\">\n\t\t\t\t\t\t\t\t\t\t\t<\/div>\n\t\t\t\t\t\t\t\t<div class=\"elementor-field-type-text elementor-field-group elementor-column elementor-field-group-field_6311679 elementor-col-40 elementor-field-required elementor-mark-required\">\n\t\t\t\t\t\t\t\t\t\t\t\t<label for=\"form-field-field_6311679\" class=\"elementor-field-label\">\n\t\t\t\t\t\t\t\tNom du b\u00e9n\u00e9ficiaire\t\t\t\t\t\t\t<\/label>\n\t\t\t\t\t\t\t\t\t\t\t\t\t\t<input size=\"1\" type=\"text\" name=\"form_fields[field_6311679]\" id=\"form-field-field_6311679\" class=\"elementor-field elementor-size-sm  elementor-field-textual\" placeholder=\"Nom\" required=\"required\">\n\t\t\t\t\t\t\t\t\t\t\t<\/div>\n\t\t\t\t\t\t\t\t<div class=\"elementor-field-type-text elementor-field-group elementor-column elementor-field-group-field_f8a302d elementor-col-40 elementor-field-required elementor-mark-required\">\n\t\t\t\t\t\t\t\t\t\t\t\t<label for=\"form-field-field_f8a302d\" class=\"elementor-field-label\">\n\t\t\t\t\t\t\t\tPr\u00e9nom\t\t\t\t\t\t\t<\/label>\n\t\t\t\t\t\t\t\t\t\t\t\t\t\t<input size=\"1\" type=\"text\" name=\"form_fields[field_f8a302d]\" id=\"form-field-field_f8a302d\" class=\"elementor-field elementor-size-sm  elementor-field-textual\" placeholder=\"Pr\u00e9nom\" required=\"required\">\n\t\t\t\t\t\t\t\t\t\t\t<\/div>\n\t\t\t\t\t\t\t\t<div class=\"elementor-field-type-number elementor-field-group elementor-column elementor-field-group-field_ce52151 elementor-col-20 elementor-field-required elementor-mark-required\">\n\t\t\t\t\t\t\t\t\t\t\t\t<label for=\"form-field-field_ce52151\" class=\"elementor-field-label\">\n\t\t\t\t\t\t\t\t\u00c2ge\t\t\t\t\t\t\t<\/label>\n\t\t\t\t\t\t\t\t\t<input type=\"number\" name=\"form_fields[field_ce52151]\" id=\"form-field-field_ce52151\" class=\"elementor-field elementor-size-sm  elementor-field-textual\" placeholder=\"\u00c2ge\" required=\"required\" min=\"1\" max=\"120\" >\n\t\t\t\t\t\t<\/div>\n\t\t\t\t\t\t\t\t<div class=\"elementor-field-type-tel elementor-field-group elementor-column elementor-field-group-field_9269214 elementor-col-50 elementor-field-required elementor-mark-required\">\n\t\t\t\t\t\t\t\t\t\t\t\t<label for=\"form-field-field_9269214\" class=\"elementor-field-label\">\n\t\t\t\t\t\t\t\tT\u00e9l\u00e9phone\t\t\t\t\t\t\t<\/label>\n\t\t\t\t\t\t\t\t<input size=\"1\" type=\"tel\" name=\"form_fields[field_9269214]\" id=\"form-field-field_9269214\" class=\"elementor-field elementor-size-sm  elementor-field-textual\" placeholder=\"T\u00e9l\u00e9phone du b\u00e9n\u00e9ficiaire\" required=\"required\" pattern=\"[0-9()#&amp;+*-=.]+\" title=\"Only numbers and phone characters (#, -, *, etc) are accepted.\">\n\n\t\t\t\t\t\t<\/div>\n\t\t\t\t\t\t\t\t<div class=\"elementor-field-type-text elementor-field-group elementor-column elementor-field-group-field_bc6d8f6 elementor-col-25 elementor-field-required elementor-mark-required\">\n\t\t\t\t\t\t\t\t\t\t\t\t<label for=\"form-field-field_bc6d8f6\" class=\"elementor-field-label\">\n\t\t\t\t\t\t\t\tCode postal\t\t\t\t\t\t\t<\/label>\n\t\t\t\t\t\t\t\t\t\t\t\t\t\t<input size=\"1\" type=\"text\" name=\"form_fields[field_bc6d8f6]\" id=\"form-field-field_bc6d8f6\" class=\"elementor-field elementor-size-sm  elementor-field-textual\" required=\"required\">\n\t\t\t\t\t\t\t\t\t\t\t<\/div>\n\t\t\t\t\t\t\t\t<div class=\"elementor-field-type-textarea elementor-field-group elementor-column elementor-field-group-message elementor-col-100 elementor-field-required elementor-mark-required\">\n\t\t\t\t\t\t\t\t\t\t\t\t<label for=\"form-field-message\" class=\"elementor-field-label\">\n\t\t\t\t\t\t\t\tMessage\t\t\t\t\t\t\t<\/label>\n\t\t\t\t\t\t<textarea class=\"elementor-field-textual elementor-field  elementor-size-sm\" name=\"form_fields[message]\" id=\"form-field-message\" rows=\"4\" placeholder=\"Message\" required=\"required\"><\/textarea>\t\t\t\t<\/div>\n\t\t\t\t\t\t\t\t<div class=\"elementor-field-group elementor-column elementor-field-type-submit elementor-col-100 e-form__buttons\">\n\t\t\t\t\t<button class=\"elementor-button elementor-size-sm\" type=\"submit\">\n\t\t\t\t\t\t<span class=\"elementor-button-content-wrapper\">\n\t\t\t\t\t\t\t\t\t\t\t\t\t\t\t\t\t\t\t\t\t\t<span class=\"elementor-button-text\">Envoyer<\/span>\n\t\t\t\t\t\t\t\t\t\t\t\t\t<\/span>\n\t\t\t\t\t<\/button>\n\t\t\t\t<\/div>\n\t\t\t<\/div>\n\t\t<\/form>\n\t\t\t\t\t\t<\/div>\n\t\t\t\t<\/div>\n\t\t\t\t<div class=\"elementor-element elementor-element-714573d elementor-widget elementor-widget-heading\" data-id=\"714573d\" data-element_type=\"widget\" data-widget_type=\"heading.default\">\n\t\t\t\t<div class=\"elementor-widget-container\">\n\t\t\t\t\t<span class=\"elementor-heading-title elementor-size-default\">* champs obligatoires<\/span>\t\t\t\t<\/div>\n\t\t\t\t<\/div>\n\t\t\t\t\t<\/div>\n\t\t<\/div>\n\t\t\t\t\t<\/div>\n\t\t<\/section>\n\t\t\t\t<\/div>\n\t\t","protected":false},"excerpt":{"rendered":"<p>* champs obligatoires<\/p>","protected":false},"author":9,"featured_media":0,"parent":0,"menu_order":0,"comment_status":"closed","ping_status":"closed","template":"","meta":{"footnotes":""},"class_list":["post-5668","page","type-page","status-publish","hentry"],"yoast_head":"<!-- This site is optimized with the Yoast SEO plugin v24.7 - https:\/\/yoast.com\/wordpress\/plugins\/seo\/ -->\n<title>Formulaire ateliers r\u00e9silience - Hypra<\/title>\n<meta name=\"robots\" content=\"index, follow, max-snippet:-1, max-image-preview:large, max-video-preview:-1\" \/>\n<link rel=\"canonical\" href=\"https:\/\/www.hypra.fr\/en\/formulaire-ateliers-resilience\/\" \/>\n<meta property=\"og:locale\" content=\"en_US\" \/>\n<meta property=\"og:type\" content=\"article\" \/>\n<meta property=\"og:title\" content=\"Formulaire ateliers r\u00e9silience - Hypra\" \/>\n<meta property=\"og:description\" content=\"* champs obligatoires\" \/>\n<meta property=\"og:url\" content=\"https:\/\/www.hypra.fr\/en\/formulaire-ateliers-resilience\/\" \/>\n<meta property=\"og:site_name\" content=\"Hypra\" \/>\n<meta property=\"article:publisher\" content=\"https:\/\/fr-fr.facebook.com\/hyprasoftware\/\" \/>\n<meta property=\"article:modified_time\" content=\"2021-09-17T09:54:12+00:00\" \/>\n<meta name=\"twitter:card\" content=\"summary_large_image\" \/>\n<meta name=\"twitter:site\" content=\"@Hypra_\" \/>\n<meta name=\"twitter:label1\" content=\"Est. reading time\" \/>\n\t<meta name=\"twitter:data1\" content=\"1 minute\" \/>\n<script type=\"application\/ld+json\" class=\"yoast-schema-graph\">{\"@context\":\"https:\/\/schema.org\",\"@graph\":[{\"@type\":\"WebPage\",\"@id\":\"https:\/\/www.hypra.fr\/formulaire-ateliers-resilience\/\",\"url\":\"https:\/\/www.hypra.fr\/formulaire-ateliers-resilience\/\",\"name\":\"Formulaire ateliers r\u00e9silience - Hypra\",\"isPartOf\":{\"@id\":\"https:\/\/www.hypra.fr\/#website\"},\"datePublished\":\"2021-09-17T09:53:04+00:00\",\"dateModified\":\"2021-09-17T09:54:12+00:00\",\"breadcrumb\":{\"@id\":\"https:\/\/www.hypra.fr\/formulaire-ateliers-resilience\/#breadcrumb\"},\"inLanguage\":\"en-US\",\"potentialAction\":[{\"@type\":\"ReadAction\",\"target\":[\"https:\/\/www.hypra.fr\/formulaire-ateliers-resilience\/\"]}]},{\"@type\":\"BreadcrumbList\",\"@id\":\"https:\/\/www.hypra.fr\/formulaire-ateliers-resilience\/#breadcrumb\",\"itemListElement\":[{\"@type\":\"ListItem\",\"position\":1,\"name\":\"Accueil\",\"item\":\"https:\/\/www.hypra.fr\/\"},{\"@type\":\"ListItem\",\"position\":2,\"name\":\"Formulaire ateliers r\u00e9silience\"}]},{\"@type\":\"WebSite\",\"@id\":\"https:\/\/www.hypra.fr\/#website\",\"url\":\"https:\/\/www.hypra.fr\/\",\"name\":\"Hypra\",\"description\":\"Nous vous accompagnons vers la r\u00e9silience et l\u2019autonomie num\u00e9riques\",\"publisher\":{\"@id\":\"https:\/\/www.hypra.fr\/#organization\"},\"potentialAction\":[{\"@type\":\"SearchAction\",\"target\":{\"@type\":\"EntryPoint\",\"urlTemplate\":\"https:\/\/www.hypra.fr\/?s={search_term_string}\"},\"query-input\":{\"@type\":\"PropertyValueSpecification\",\"valueRequired\":true,\"valueName\":\"search_term_string\"}}],\"inLanguage\":\"en-US\"},{\"@type\":\"Organization\",\"@id\":\"https:\/\/www.hypra.fr\/#organization\",\"name\":\"Hypra\",\"url\":\"https:\/\/www.hypra.fr\/\",\"logo\":{\"@type\":\"ImageObject\",\"inLanguage\":\"en-US\",\"@id\":\"https:\/\/www.hypra.fr\/#\/schema\/logo\/image\/\",\"url\":\"https:\/\/www.hypra.fr\/wp-content\/uploads\/2020\/11\/logo-blanc.svg.png\",\"contentUrl\":\"https:\/\/www.hypra.fr\/wp-content\/uploads\/2020\/11\/logo-blanc.svg.png\",\"width\":112,\"height\":32,\"caption\":\"Hypra\"},\"image\":{\"@id\":\"https:\/\/www.hypra.fr\/#\/schema\/logo\/image\/\"},\"sameAs\":[\"https:\/\/fr-fr.facebook.com\/hyprasoftware\/\",\"https:\/\/x.com\/Hypra_\",\"https:\/\/www.instagram.com\/hyprabettertogether\/\",\"https:\/\/fr.linkedin.com\/company\/hypra\",\"https:\/\/www.youtube.com\/channel\/UCKd_KDgzE60vq6ejeFk2jAQ\",\"https:\/\/fr.wikipedia.org\/wiki\/Hypra\"]}]}<\/script>\n<!-- \/ Yoast SEO plugin. -->","yoast_head_json":{"title":"Formulaire ateliers r\u00e9silience - Hypra","robots":{"index":"index","follow":"follow","max-snippet":"max-snippet:-1","max-image-preview":"max-image-preview:large","max-video-preview":"max-video-preview:-1"},"canonical":"https:\/\/www.hypra.fr\/en\/formulaire-ateliers-resilience\/","og_locale":"en_US","og_type":"article","og_title":"Formulaire ateliers r\u00e9silience - Hypra","og_description":"* champs obligatoires","og_url":"https:\/\/www.hypra.fr\/en\/formulaire-ateliers-resilience\/","og_site_name":"Hypra","article_publisher":"https:\/\/fr-fr.facebook.com\/hyprasoftware\/","article_modified_time":"2021-09-17T09:54:12+00:00","twitter_card":"summary_large_image","twitter_site":"@Hypra_","twitter_misc":{"Est. reading time":"1 minute"},"schema":{"@context":"https:\/\/schema.org","@graph":[{"@type":"WebPage","@id":"https:\/\/www.hypra.fr\/formulaire-ateliers-resilience\/","url":"https:\/\/www.hypra.fr\/formulaire-ateliers-resilience\/","name":"Formulaire ateliers r\u00e9silience - Hypra","isPartOf":{"@id":"https:\/\/www.hypra.fr\/#website"},"datePublished":"2021-09-17T09:53:04+00:00","dateModified":"2021-09-17T09:54:12+00:00","breadcrumb":{"@id":"https:\/\/www.hypra.fr\/formulaire-ateliers-resilience\/#breadcrumb"},"inLanguage":"en-US","potentialAction":[{"@type":"ReadAction","target":["https:\/\/www.hypra.fr\/formulaire-ateliers-resilience\/"]}]},{"@type":"BreadcrumbList","@id":"https:\/\/www.hypra.fr\/formulaire-ateliers-resilience\/#breadcrumb","itemListElement":[{"@type":"ListItem","position":1,"name":"Accueil","item":"https:\/\/www.hypra.fr\/"},{"@type":"ListItem","position":2,"name":"Formulaire ateliers r\u00e9silience"}]},{"@type":"WebSite","@id":"https:\/\/www.hypra.fr\/#website","url":"https:\/\/www.hypra.fr\/","name":"Hypra","description":"Nous vous accompagnons vers la r\u00e9silience et l\u2019autonomie num\u00e9riques","publisher":{"@id":"https:\/\/www.hypra.fr\/#organization"},"potentialAction":[{"@type":"SearchAction","target":{"@type":"EntryPoint","urlTemplate":"https:\/\/www.hypra.fr\/?s={search_term_string}"},"query-input":{"@type":"PropertyValueSpecification","valueRequired":true,"valueName":"search_term_string"}}],"inLanguage":"en-US"},{"@type":"Organization","@id":"https:\/\/www.hypra.fr\/#organization","name":"Hypra","url":"https:\/\/www.hypra.fr\/","logo":{"@type":"ImageObject","inLanguage":"en-US","@id":"https:\/\/www.hypra.fr\/#\/schema\/logo\/image\/","url":"https:\/\/www.hypra.fr\/wp-content\/uploads\/2020\/11\/logo-blanc.svg.png","contentUrl":"https:\/\/www.hypra.fr\/wp-content\/uploads\/2020\/11\/logo-blanc.svg.png","width":112,"height":32,"caption":"Hypra"},"image":{"@id":"https:\/\/www.hypra.fr\/#\/schema\/logo\/image\/"},"sameAs":["https:\/\/fr-fr.facebook.com\/hyprasoftware\/","https:\/\/x.com\/Hypra_","https:\/\/www.instagram.com\/hyprabettertogether\/","https:\/\/fr.linkedin.com\/company\/hypra","https:\/\/www.youtube.com\/channel\/UCKd_KDgzE60vq6ejeFk2jAQ","https:\/\/fr.wikipedia.org\/wiki\/Hypra"]}]}},"_links":{"self":[{"href":"https:\/\/www.hypra.fr\/en\/wp-json\/wp\/v2\/pages\/5668","targetHints":{"allow":["GET"]}}],"collection":[{"href":"https:\/\/www.hypra.fr\/en\/wp-json\/wp\/v2\/pages"}],"about":[{"href":"https:\/\/www.hypra.fr\/en\/wp-json\/wp\/v2\/types\/page"}],"author":[{"embeddable":true,"href":"https:\/\/www.hypra.fr\/en\/wp-json\/wp\/v2\/users\/9"}],"replies":[{"embeddable":true,"href":"https:\/\/www.hypra.fr\/en\/wp-json\/wp\/v2\/comments?post=5668"}],"version-history":[{"count":4,"href":"https:\/\/www.hypra.fr\/en\/wp-json\/wp\/v2\/pages\/5668\/revisions"}],"predecessor-version":[{"id":5799,"href":"https:\/\/www.hypra.fr\/en\/wp-json\/wp\/v2\/pages\/5668\/revisions\/5799"}],"wp:attachment":[{"href":"https:\/\/www.hypra.fr\/en\/wp-json\/wp\/v2\/media?parent=5668"}],"curies":[{"name":"wp","href":"https:\/\/api.w.org\/{rel}","templated":true}]}}